{"id":7051,"date":"2025-11-14T16:00:40","date_gmt":"2025-11-14T15:00:40","guid":{"rendered":"https:\/\/www.padelmaster.hu\/?page_id=7051"},"modified":"2026-02-03T14:23:00","modified_gmt":"2026-02-03T13:23:00","slug":"impresszum","status":"publish","type":"page","link":"https:\/\/www.padelmaster.hu\/en\/impresszum\/","title":{"rendered":"masthead"},"content":{"rendered":"<p>[et_pb_section fb_built=&#8221;1&#8243; _builder_version=&#8221;4.27.5&#8243; _module_preset=&#8221;default&#8221; hover_enabled=&#8221;0&#8243; global_colors_info=&#8221;{}&#8221; use_background_color_gradient=&#8221;on&#8221; background_color_gradient_stops=&#8221;#162a6a 0%|#ffffff 50%|#ffffff 100%&#8221; sticky_enabled=&#8221;0&#8243; vertical_offset=&#8221;-84px&#8221;][et_pb_row _builder_version=&#8221;4.27.4&#8243; _module_preset=&#8221;default&#8221; global_colors_info=&#8221;{}&#8221; custom_margin=&#8221;100px|auto||auto||&#8221;][et_pb_column type=&#8221;4_4&#8243; _builder_version=&#8221;4.27.4&#8243; _module_preset=&#8221;default&#8221; global_colors_info=&#8221;{}&#8221;][et_pb_text _builder_version=&#8221;4.27.4&#8243; _module_preset=&#8221;default&#8221; global_colors_info=&#8221;{}&#8221;]<\/p>\n<h2 data-start=\"331\" data-end=\"344\">Impresszum<\/h2>\n<p data-start=\"346\" data-end=\"400\"><strong data-start=\"346\" data-end=\"367\">Szolg\u00e1ltat\u00f3 neve:<\/strong><\/p>\n<h3 data-start=\"346\" data-end=\"400\"><strong data-start=\"346\" data-end=\"367\">Padel Master Kft.<\/strong><\/h3>\n<p data-start=\"346\" data-end=\"400\"><strong data-start=\"346\" data-end=\"367\">Sz\u00e9khely:<br \/><\/strong><span>4031 Debrecen, Ond utca 6.<\/span><\/p>\n<p><strong>V\u00e1llalkoz\u00e1s ad\u00f3sz\u00e1ma:<\/strong><br \/><span>32871511-2-09<\/span><\/p>\n<p><span><strong>C\u00e9gjegyz\u00e9ksz\u00e1m:<\/strong><br \/>09 09 037150<br \/><\/span><\/p>\n<p data-start=\"493\" data-end=\"553\">\n<p data-start=\"650\" data-end=\"684\"><strong data-start=\"650\" data-end=\"669\">Kapcsolattart\u00f3:<\/strong><\/p>\n<p data-start=\"650\" data-end=\"684\"><span data-start=\"686\" data-end=\"701\" style=\"font-size: 14px;\">Seenger Bogl\u00e1rka<\/span><\/p>\n<p data-start=\"650\" data-end=\"684\"><strong data-start=\"686\" data-end=\"701\" style=\"font-size: 14px;\">E-mail c\u00edm:<\/strong><\/p>\n<p data-start=\"686\" data-end=\"723\">seenger.boglarka@padelmaster.hu<strong data-start=\"686\" data-end=\"701\"><\/strong><\/p>\n<p data-start=\"725\" data-end=\"784\"><strong data-start=\"725\" data-end=\"741\">Telefonsz\u00e1m:<\/strong><br data-start=\"741\" data-end=\"744\" \/>+36 20 402 9663<\/p>\n<p><strong data-start=\"431\" data-end=\"461\">T\u00e1rhelyszolg\u00e1ltat\u00f3 adatai:<\/strong><br data-start=\"461\" data-end=\"464\" \/>Rackhost Zrt.<br data-start=\"477\" data-end=\"480\" \/>Sz\u00e9khely: 6722 Szeged, Tisza Lajos k\u00f6r\u00fat 41.<br data-start=\"528\" data-end=\"531\" \/>E-mail:<span>\u00a0<\/span><a data-start=\"539\" data-end=\"555\" class=\"cursor-pointer\" rel=\"noopener\">info@rackhost.hu<\/a><br data-start=\"555\" data-end=\"558\" \/>Weboldal:<span>\u00a0<\/span><a data-start=\"568\" data-end=\"610\" class=\"\" rel=\"noopener\" target=\"_new\" href=\"https:\/\/mhosting.hu\/\">https:\/\/rackhost.hu<\/a><\/p>\n<p>&nbsp;<\/p>\n<hr data-start=\"974\" data-end=\"977\" \/>\n<h3 data-start=\"979\" data-end=\"997\">Jognyilatkozat<\/h3>\n<p data-start=\"999\" data-end=\"1220\">A weboldalon tal\u00e1lhat\u00f3 tartalom (sz\u00f6vegek, k\u00e9pek, grafikai elemek stb.) a szolg\u00e1ltat\u00f3 szellemi tulajdona. B\u00e1rmilyen m\u00e1sodk\u00f6zl\u00e9s, felhaszn\u00e1l\u00e1s vagy terjeszt\u00e9s kiz\u00e1r\u00f3lag a tulajdonos el\u0151zetes \u00edr\u00e1sos enged\u00e9ly\u00e9vel lehets\u00e9ges.<\/p>\n<p>[\/et_pb_text][\/et_pb_column][\/et_pb_row][\/et_pb_section]<\/p>\n","protected":false},"excerpt":{"rendered":"<p>Impresszum Szolg\u00e1ltat\u00f3 neve: Padel Master Kft. Sz\u00e9khely:4031 Debrecen, Ond utca 6. V\u00e1llalkoz\u00e1s ad\u00f3sz\u00e1ma:32871511-2-09 C\u00e9gjegyz\u00e9ksz\u00e1m:09 09 037150 Kapcsolattart\u00f3: Seenger Bogl\u00e1rka E-mail c\u00edm: seenger.boglarka@padelmaster.hu Telefonsz\u00e1m:+36 20 402 9663 T\u00e1rhelyszolg\u00e1ltat\u00f3 adatai:Rackhost Zrt.Sz\u00e9khely: 6722 Szeged, Tisza Lajos k\u00f6r\u00fat 41.E-mail:\u00a0info@rackhost.huWeboldal:\u00a0https:\/\/rackhost.hu &nbsp; Jognyilatkozat A weboldalon tal\u00e1lhat\u00f3 tartalom (sz\u00f6vegek, k\u00e9pek, grafikai elemek stb.) a szolg\u00e1ltat\u00f3 szellemi tulajdona. B\u00e1rmilyen m\u00e1sodk\u00f6zl\u00e9s, felhaszn\u00e1l\u00e1s vagy terjeszt\u00e9s [&hellip;]<\/p>\n","protected":false},"author":4,"featured_media":0,"parent":0,"menu_order":0,"comment_status":"closed","ping_status":"closed","template":"","meta":{"_et_pb_use_builder":"on","_et_pb_old_content":"<!-- wp:divi\/placeholder \/-->","_et_gb_content_width":"","footnotes":""},"class_list":["post-7051","page","type-page","status-publish","hentry"],"yoast_head":"<!-- This site is optimized with the Yoast SEO Premium plugin v27.4 (Yoast SEO v27.4) - https:\/\/yoast.com\/product\/yoast-seo-premium-wordpress\/ -->\n<title>Impresszum - Padel Master Debrecen<\/title>\n<meta name=\"robots\" content=\"index, follow, max-snippet:-1, max-image-preview:large, max-video-preview:-1\" \/>\n<link rel=\"canonical\" href=\"https:\/\/www.padelmaster.hu\/en\/impresszum\/\" \/>\n<meta property=\"og:locale\" content=\"en_GB\" \/>\n<meta property=\"og:type\" content=\"article\" \/>\n<meta property=\"og:title\" content=\"Impresszum\" \/>\n<meta property=\"og:description\" content=\"Impresszum Szolg\u00e1ltat\u00f3 neve: Padel Master Kft. Sz\u00e9khely:4031 Debrecen, Ond utca 6. V\u00e1llalkoz\u00e1s ad\u00f3sz\u00e1ma:32871511-2-09 C\u00e9gjegyz\u00e9ksz\u00e1m:09 09 037150 Kapcsolattart\u00f3: Seenger Bogl\u00e1rka E-mail c\u00edm: seenger.boglarka@padelmaster.hu Telefonsz\u00e1m:+36 20 402 9663 T\u00e1rhelyszolg\u00e1ltat\u00f3 adatai:Rackhost Zrt.Sz\u00e9khely: 6722 Szeged, Tisza Lajos k\u00f6r\u00fat 41.E-mail:\u00a0info@rackhost.huWeboldal:\u00a0https:\/\/rackhost.hu &nbsp; Jognyilatkozat A weboldalon tal\u00e1lhat\u00f3 tartalom (sz\u00f6vegek, k\u00e9pek, grafikai elemek stb.) a szolg\u00e1ltat\u00f3 szellemi tulajdona. B\u00e1rmilyen m\u00e1sodk\u00f6zl\u00e9s, felhaszn\u00e1l\u00e1s vagy terjeszt\u00e9s [&hellip;]\" \/>\n<meta property=\"og:url\" content=\"https:\/\/www.padelmaster.hu\/en\/impresszum\/\" \/>\n<meta property=\"og:site_name\" content=\"Padel Master Debrecen\" \/>\n<meta property=\"article:modified_time\" content=\"2026-02-03T13:23:00+00:00\" \/>\n<meta name=\"twitter:card\" content=\"summary_large_image\" \/>\n<script type=\"application\/ld+json\" class=\"yoast-schema-graph\">{\"@context\":\"https:\\\/\\\/schema.org\",\"@graph\":[{\"@type\":\"WebPage\",\"@id\":\"https:\\\/\\\/www.padelmaster.hu\\\/impresszum\\\/\",\"url\":\"https:\\\/\\\/www.padelmaster.hu\\\/impresszum\\\/\",\"name\":\"Impresszum - Padel Master Debrecen\",\"isPartOf\":{\"@id\":\"https:\\\/\\\/www.padelmaster.hu\\\/#website\"},\"datePublished\":\"2025-11-14T15:00:40+00:00\",\"dateModified\":\"2026-02-03T13:23:00+00:00\",\"breadcrumb\":{\"@id\":\"https:\\\/\\\/www.padelmaster.hu\\\/impresszum\\\/#breadcrumb\"},\"inLanguage\":\"en-GB\",\"potentialAction\":[{\"@type\":\"ReadAction\",\"target\":[\"https:\\\/\\\/www.padelmaster.hu\\\/impresszum\\\/\"]}]},{\"@type\":\"BreadcrumbList\",\"@id\":\"https:\\\/\\\/www.padelmaster.hu\\\/impresszum\\\/#breadcrumb\",\"itemListElement\":[{\"@type\":\"ListItem\",\"position\":1,\"name\":\"Kezd\u0151lap\",\"item\":\"https:\\\/\\\/www.padelmaster.hu\\\/\"},{\"@type\":\"ListItem\",\"position\":2,\"name\":\"Impresszum\"}]},{\"@type\":\"WebSite\",\"@id\":\"https:\\\/\\\/www.padelmaster.hu\\\/#website\",\"url\":\"https:\\\/\\\/www.padelmaster.hu\\\/\",\"name\":\"Padel Master Debrecen\",\"description\":\"Debrecen els\u0151 fedettp\u00e1ly\u00e1s Padel Klubbja\",\"publisher\":{\"@id\":\"https:\\\/\\\/www.padelmaster.hu\\\/#organization\"},\"potentialAction\":[{\"@type\":\"SearchAction\",\"target\":{\"@type\":\"EntryPoint\",\"urlTemplate\":\"https:\\\/\\\/www.padelmaster.hu\\\/?s={search_term_string}\"},\"query-input\":{\"@type\":\"PropertyValueSpecification\",\"valueRequired\":true,\"valueName\":\"search_term_string\"}}],\"inLanguage\":\"en-GB\"},{\"@type\":\"Organization\",\"@id\":\"https:\\\/\\\/www.padelmaster.hu\\\/#organization\",\"name\":\"Padel Master Debrecen\",\"url\":\"https:\\\/\\\/www.padelmaster.hu\\\/\",\"logo\":{\"@type\":\"ImageObject\",\"inLanguage\":\"en-GB\",\"@id\":\"https:\\\/\\\/www.padelmaster.hu\\\/#\\\/schema\\\/logo\\\/image\\\/\",\"url\":\"https:\\\/\\\/www.padelmaster.hu\\\/wp-content\\\/uploads\\\/2025\\\/10\\\/COMING-SOON-1-scaled.png\",\"contentUrl\":\"https:\\\/\\\/www.padelmaster.hu\\\/wp-content\\\/uploads\\\/2025\\\/10\\\/COMING-SOON-1-scaled.png\",\"width\":2048,\"height\":2560,\"caption\":\"Padel Master Debrecen\"},\"image\":{\"@id\":\"https:\\\/\\\/www.padelmaster.hu\\\/#\\\/schema\\\/logo\\\/image\\\/\"}}]}<\/script>\n<!-- \/ Yoast SEO Premium plugin. -->","yoast_head_json":{"title":"Impresszum - Padel Master Debrecen","robots":{"index":"index","follow":"follow","max-snippet":"max-snippet:-1","max-image-preview":"max-image-preview:large","max-video-preview":"max-video-preview:-1"},"canonical":"https:\/\/www.padelmaster.hu\/en\/impresszum\/","og_locale":"en_GB","og_type":"article","og_title":"Impresszum","og_description":"Impresszum Szolg\u00e1ltat\u00f3 neve: Padel Master Kft. Sz\u00e9khely:4031 Debrecen, Ond utca 6. V\u00e1llalkoz\u00e1s ad\u00f3sz\u00e1ma:32871511-2-09 C\u00e9gjegyz\u00e9ksz\u00e1m:09 09 037150 Kapcsolattart\u00f3: Seenger Bogl\u00e1rka E-mail c\u00edm: seenger.boglarka@padelmaster.hu Telefonsz\u00e1m:+36 20 402 9663 T\u00e1rhelyszolg\u00e1ltat\u00f3 adatai:Rackhost Zrt.Sz\u00e9khely: 6722 Szeged, Tisza Lajos k\u00f6r\u00fat 41.E-mail:\u00a0info@rackhost.huWeboldal:\u00a0https:\/\/rackhost.hu &nbsp; Jognyilatkozat A weboldalon tal\u00e1lhat\u00f3 tartalom (sz\u00f6vegek, k\u00e9pek, grafikai elemek stb.) a szolg\u00e1ltat\u00f3 szellemi tulajdona. B\u00e1rmilyen m\u00e1sodk\u00f6zl\u00e9s, felhaszn\u00e1l\u00e1s vagy terjeszt\u00e9s [&hellip;]","og_url":"https:\/\/www.padelmaster.hu\/en\/impresszum\/","og_site_name":"Padel Master Debrecen","article_modified_time":"2026-02-03T13:23:00+00:00","twitter_card":"summary_large_image","schema":{"@context":"https:\/\/schema.org","@graph":[{"@type":"WebPage","@id":"https:\/\/www.padelmaster.hu\/impresszum\/","url":"https:\/\/www.padelmaster.hu\/impresszum\/","name":"Impresszum - Padel Master Debrecen","isPartOf":{"@id":"https:\/\/www.padelmaster.hu\/#website"},"datePublished":"2025-11-14T15:00:40+00:00","dateModified":"2026-02-03T13:23:00+00:00","breadcrumb":{"@id":"https:\/\/www.padelmaster.hu\/impresszum\/#breadcrumb"},"inLanguage":"en-GB","potentialAction":[{"@type":"ReadAction","target":["https:\/\/www.padelmaster.hu\/impresszum\/"]}]},{"@type":"BreadcrumbList","@id":"https:\/\/www.padelmaster.hu\/impresszum\/#breadcrumb","itemListElement":[{"@type":"ListItem","position":1,"name":"Kezd\u0151lap","item":"https:\/\/www.padelmaster.hu\/"},{"@type":"ListItem","position":2,"name":"Impresszum"}]},{"@type":"WebSite","@id":"https:\/\/www.padelmaster.hu\/#website","url":"https:\/\/www.padelmaster.hu\/","name":"Padel Master Debrecen","description":"Debrecen els\u0151 fedettp\u00e1ly\u00e1s Padel Klubbja","publisher":{"@id":"https:\/\/www.padelmaster.hu\/#organization"},"potentialAction":[{"@type":"SearchAction","target":{"@type":"EntryPoint","urlTemplate":"https:\/\/www.padelmaster.hu\/?s={search_term_string}"},"query-input":{"@type":"PropertyValueSpecification","valueRequired":true,"valueName":"search_term_string"}}],"inLanguage":"en-GB"},{"@type":"Organization","@id":"https:\/\/www.padelmaster.hu\/#organization","name":"Padel Master Debrecen","url":"https:\/\/www.padelmaster.hu\/","logo":{"@type":"ImageObject","inLanguage":"en-GB","@id":"https:\/\/www.padelmaster.hu\/#\/schema\/logo\/image\/","url":"https:\/\/www.padelmaster.hu\/wp-content\/uploads\/2025\/10\/COMING-SOON-1-scaled.png","contentUrl":"https:\/\/www.padelmaster.hu\/wp-content\/uploads\/2025\/10\/COMING-SOON-1-scaled.png","width":2048,"height":2560,"caption":"Padel Master Debrecen"},"image":{"@id":"https:\/\/www.padelmaster.hu\/#\/schema\/logo\/image\/"}}]}},"_links":{"self":[{"href":"https:\/\/www.padelmaster.hu\/en\/wp-json\/wp\/v2\/pages\/7051","targetHints":{"allow":["GET"]}}],"collection":[{"href":"https:\/\/www.padelmaster.hu\/en\/wp-json\/wp\/v2\/pages"}],"about":[{"href":"https:\/\/www.padelmaster.hu\/en\/wp-json\/wp\/v2\/types\/page"}],"author":[{"embeddable":true,"href":"https:\/\/www.padelmaster.hu\/en\/wp-json\/wp\/v2\/users\/4"}],"replies":[{"embeddable":true,"href":"https:\/\/www.padelmaster.hu\/en\/wp-json\/wp\/v2\/comments?post=7051"}],"version-history":[{"count":4,"href":"https:\/\/www.padelmaster.hu\/en\/wp-json\/wp\/v2\/pages\/7051\/revisions"}],"predecessor-version":[{"id":7659,"href":"https:\/\/www.padelmaster.hu\/en\/wp-json\/wp\/v2\/pages\/7051\/revisions\/7659"}],"wp:attachment":[{"href":"https:\/\/www.padelmaster.hu\/en\/wp-json\/wp\/v2\/media?parent=7051"}],"curies":[{"name":"wp","href":"https:\/\/api.w.org\/{rel}","templated":true}]}}