{"id":7049,"date":"2025-11-14T16:00:25","date_gmt":"2025-11-14T15:00:25","guid":{"rendered":"https:\/\/www.padelmaster.hu\/?page_id=7049"},"modified":"2026-02-03T14:20:16","modified_gmt":"2026-02-03T13:20:16","slug":"adatvedelmi-tajekoztato","status":"publish","type":"page","link":"https:\/\/www.padelmaster.hu\/en\/adatvedelmi-tajekoztato\/","title":{"rendered":"Data protection information"},"content":{"rendered":"<p>[et_pb_section fb_built=&#8221;1&#8243; _builder_version=&#8221;4.27.5&#8243; _module_preset=&#8221;default&#8221; hover_enabled=&#8221;0&#8243; global_colors_info=&#8221;{}&#8221; use_background_color_gradient=&#8221;on&#8221; background_color_gradient_stops=&#8221;#162a6a 0%|#ffffff 100%&#8221; sticky_enabled=&#8221;0&#8243; horizontal_offset=&#8221;0px&#8221; vertical_offset=&#8221;-84px&#8221;][et_pb_row _builder_version=&#8221;4.27.4&#8243; _module_preset=&#8221;default&#8221; global_colors_info=&#8221;{}&#8221; custom_margin=&#8221;101px|auto||auto||&#8221;][et_pb_column type=&#8221;4_4&#8243; _builder_version=&#8221;4.27.4&#8243; _module_preset=&#8221;default&#8221; global_colors_info=&#8221;{}&#8221;][et_pb_heading title=&#8221;Adatv\u00e9delmi t\u00e1j\u00e9koztat\u00f3&#8221; url=&#8221;https:\/\/www.padelmaster.hu\/wp-content\/uploads\/2025\/11\/Adatvedelmi-tajekoztato-padelmaster.hu_.pdf&#8221; _builder_version=&#8221;4.27.4&#8243; _module_preset=&#8221;default&#8221; global_colors_info=&#8221;{}&#8221;][\/et_pb_heading][\/et_pb_column][\/et_pb_row][\/et_pb_section]<\/p>\n","protected":false},"excerpt":{"rendered":"","protected":false},"author":4,"featured_media":0,"parent":0,"menu_order":0,"comment_status":"closed","ping_status":"closed","template":"","meta":{"_et_pb_use_builder":"on","_et_pb_old_content":"<!-- wp:divi\/placeholder \/-->","_et_gb_content_width":"","footnotes":""},"class_list":["post-7049","page","type-page","status-publish","hentry"],"yoast_head":"<!-- This site is optimized with the Yoast SEO Premium plugin v27.4 (Yoast SEO v27.4) - https:\/\/yoast.com\/product\/yoast-seo-premium-wordpress\/ -->\n<title>Adatv\u00e9delmi t\u00e1j\u00e9koztat\u00f3 - Padel Master Debrecen<\/title>\n<meta name=\"robots\" content=\"index, follow, max-snippet:-1, max-image-preview:large, max-video-preview:-1\" \/>\n<link rel=\"canonical\" href=\"https:\/\/www.padelmaster.hu\/en\/adatvedelmi-tajekoztato\/\" \/>\n<meta property=\"og:locale\" content=\"en_GB\" \/>\n<meta property=\"og:type\" content=\"article\" \/>\n<meta property=\"og:title\" content=\"Adatv\u00e9delmi t\u00e1j\u00e9koztat\u00f3\" \/>\n<meta property=\"og:url\" content=\"https:\/\/www.padelmaster.hu\/en\/adatvedelmi-tajekoztato\/\" \/>\n<meta property=\"og:site_name\" content=\"Padel Master Debrecen\" \/>\n<meta property=\"article:modified_time\" content=\"2026-02-03T13:20:16+00:00\" \/>\n<meta name=\"twitter:card\" content=\"summary_large_image\" \/>\n<script type=\"application\/ld+json\" class=\"yoast-schema-graph\">{\"@context\":\"https:\\\/\\\/schema.org\",\"@graph\":[{\"@type\":\"WebPage\",\"@id\":\"https:\\\/\\\/www.padelmaster.hu\\\/adatvedelmi-tajekoztato\\\/\",\"url\":\"https:\\\/\\\/www.padelmaster.hu\\\/adatvedelmi-tajekoztato\\\/\",\"name\":\"Adatv\u00e9delmi t\u00e1j\u00e9koztat\u00f3 - Padel Master Debrecen\",\"isPartOf\":{\"@id\":\"https:\\\/\\\/www.padelmaster.hu\\\/#website\"},\"datePublished\":\"2025-11-14T15:00:25+00:00\",\"dateModified\":\"2026-02-03T13:20:16+00:00\",\"breadcrumb\":{\"@id\":\"https:\\\/\\\/www.padelmaster.hu\\\/adatvedelmi-tajekoztato\\\/#breadcrumb\"},\"inLanguage\":\"en-GB\",\"potentialAction\":[{\"@type\":\"ReadAction\",\"target\":[\"https:\\\/\\\/www.padelmaster.hu\\\/adatvedelmi-tajekoztato\\\/\"]}]},{\"@type\":\"BreadcrumbList\",\"@id\":\"https:\\\/\\\/www.padelmaster.hu\\\/adatvedelmi-tajekoztato\\\/#breadcrumb\",\"itemListElement\":[{\"@type\":\"ListItem\",\"position\":1,\"name\":\"Kezd\u0151lap\",\"item\":\"https:\\\/\\\/www.padelmaster.hu\\\/\"},{\"@type\":\"ListItem\",\"position\":2,\"name\":\"Adatv\u00e9delmi t\u00e1j\u00e9koztat\u00f3\"}]},{\"@type\":\"WebSite\",\"@id\":\"https:\\\/\\\/www.padelmaster.hu\\\/#website\",\"url\":\"https:\\\/\\\/www.padelmaster.hu\\\/\",\"name\":\"Padel Master Debrecen\",\"description\":\"Debrecen els\u0151 fedettp\u00e1ly\u00e1s Padel Klubbja\",\"publisher\":{\"@id\":\"https:\\\/\\\/www.padelmaster.hu\\\/#organization\"},\"potentialAction\":[{\"@type\":\"SearchAction\",\"target\":{\"@type\":\"EntryPoint\",\"urlTemplate\":\"https:\\\/\\\/www.padelmaster.hu\\\/?s={search_term_string}\"},\"query-input\":{\"@type\":\"PropertyValueSpecification\",\"valueRequired\":true,\"valueName\":\"search_term_string\"}}],\"inLanguage\":\"en-GB\"},{\"@type\":\"Organization\",\"@id\":\"https:\\\/\\\/www.padelmaster.hu\\\/#organization\",\"name\":\"Padel Master Debrecen\",\"url\":\"https:\\\/\\\/www.padelmaster.hu\\\/\",\"logo\":{\"@type\":\"ImageObject\",\"inLanguage\":\"en-GB\",\"@id\":\"https:\\\/\\\/www.padelmaster.hu\\\/#\\\/schema\\\/logo\\\/image\\\/\",\"url\":\"https:\\\/\\\/www.padelmaster.hu\\\/wp-content\\\/uploads\\\/2025\\\/10\\\/COMING-SOON-1-scaled.png\",\"contentUrl\":\"https:\\\/\\\/www.padelmaster.hu\\\/wp-content\\\/uploads\\\/2025\\\/10\\\/COMING-SOON-1-scaled.png\",\"width\":2048,\"height\":2560,\"caption\":\"Padel Master Debrecen\"},\"image\":{\"@id\":\"https:\\\/\\\/www.padelmaster.hu\\\/#\\\/schema\\\/logo\\\/image\\\/\"}}]}<\/script>\n<!-- \/ Yoast SEO Premium plugin. -->","yoast_head_json":{"title":"Adatv\u00e9delmi t\u00e1j\u00e9koztat\u00f3 - Padel Master Debrecen","robots":{"index":"index","follow":"follow","max-snippet":"max-snippet:-1","max-image-preview":"max-image-preview:large","max-video-preview":"max-video-preview:-1"},"canonical":"https:\/\/www.padelmaster.hu\/en\/adatvedelmi-tajekoztato\/","og_locale":"en_GB","og_type":"article","og_title":"Adatv\u00e9delmi t\u00e1j\u00e9koztat\u00f3","og_url":"https:\/\/www.padelmaster.hu\/en\/adatvedelmi-tajekoztato\/","og_site_name":"Padel Master Debrecen","article_modified_time":"2026-02-03T13:20:16+00:00","twitter_card":"summary_large_image","schema":{"@context":"https:\/\/schema.org","@graph":[{"@type":"WebPage","@id":"https:\/\/www.padelmaster.hu\/adatvedelmi-tajekoztato\/","url":"https:\/\/www.padelmaster.hu\/adatvedelmi-tajekoztato\/","name":"Adatv\u00e9delmi t\u00e1j\u00e9koztat\u00f3 - Padel Master Debrecen","isPartOf":{"@id":"https:\/\/www.padelmaster.hu\/#website"},"datePublished":"2025-11-14T15:00:25+00:00","dateModified":"2026-02-03T13:20:16+00:00","breadcrumb":{"@id":"https:\/\/www.padelmaster.hu\/adatvedelmi-tajekoztato\/#breadcrumb"},"inLanguage":"en-GB","potentialAction":[{"@type":"ReadAction","target":["https:\/\/www.padelmaster.hu\/adatvedelmi-tajekoztato\/"]}]},{"@type":"BreadcrumbList","@id":"https:\/\/www.padelmaster.hu\/adatvedelmi-tajekoztato\/#breadcrumb","itemListElement":[{"@type":"ListItem","position":1,"name":"Kezd\u0151lap","item":"https:\/\/www.padelmaster.hu\/"},{"@type":"ListItem","position":2,"name":"Adatv\u00e9delmi t\u00e1j\u00e9koztat\u00f3"}]},{"@type":"WebSite","@id":"https:\/\/www.padelmaster.hu\/#website","url":"https:\/\/www.padelmaster.hu\/","name":"Padel Master Debrecen","description":"Debrecen els\u0151 fedettp\u00e1ly\u00e1s Padel Klubbja","publisher":{"@id":"https:\/\/www.padelmaster.hu\/#organization"},"potentialAction":[{"@type":"SearchAction","target":{"@type":"EntryPoint","urlTemplate":"https:\/\/www.padelmaster.hu\/?s={search_term_string}"},"query-input":{"@type":"PropertyValueSpecification","valueRequired":true,"valueName":"search_term_string"}}],"inLanguage":"en-GB"},{"@type":"Organization","@id":"https:\/\/www.padelmaster.hu\/#organization","name":"Padel Master Debrecen","url":"https:\/\/www.padelmaster.hu\/","logo":{"@type":"ImageObject","inLanguage":"en-GB","@id":"https:\/\/www.padelmaster.hu\/#\/schema\/logo\/image\/","url":"https:\/\/www.padelmaster.hu\/wp-content\/uploads\/2025\/10\/COMING-SOON-1-scaled.png","contentUrl":"https:\/\/www.padelmaster.hu\/wp-content\/uploads\/2025\/10\/COMING-SOON-1-scaled.png","width":2048,"height":2560,"caption":"Padel Master Debrecen"},"image":{"@id":"https:\/\/www.padelmaster.hu\/#\/schema\/logo\/image\/"}}]}},"_links":{"self":[{"href":"https:\/\/www.padelmaster.hu\/en\/wp-json\/wp\/v2\/pages\/7049","targetHints":{"allow":["GET"]}}],"collection":[{"href":"https:\/\/www.padelmaster.hu\/en\/wp-json\/wp\/v2\/pages"}],"about":[{"href":"https:\/\/www.padelmaster.hu\/en\/wp-json\/wp\/v2\/types\/page"}],"author":[{"embeddable":true,"href":"https:\/\/www.padelmaster.hu\/en\/wp-json\/wp\/v2\/users\/4"}],"replies":[{"embeddable":true,"href":"https:\/\/www.padelmaster.hu\/en\/wp-json\/wp\/v2\/comments?post=7049"}],"version-history":[{"count":4,"href":"https:\/\/www.padelmaster.hu\/en\/wp-json\/wp\/v2\/pages\/7049\/revisions"}],"predecessor-version":[{"id":7657,"href":"https:\/\/www.padelmaster.hu\/en\/wp-json\/wp\/v2\/pages\/7049\/revisions\/7657"}],"wp:attachment":[{"href":"https:\/\/www.padelmaster.hu\/en\/wp-json\/wp\/v2\/media?parent=7049"}],"curies":[{"name":"wp","href":"https:\/\/api.w.org\/{rel}","templated":true}]}}