{"id":7045,"date":"2025-11-14T15:59:25","date_gmt":"2025-11-14T14:59:25","guid":{"rendered":"https:\/\/www.padelmaster.hu\/?page_id=7045"},"modified":"2026-02-03T14:18:08","modified_gmt":"2026-02-03T13:18:08","slug":"kapcsolat-padelmaster-debrecen-padel-klub-elerhetoseg-padel-klub-telefonszam","status":"publish","type":"page","link":"https:\/\/www.padelmaster.hu\/en\/kapcsolat-padelmaster-debrecen-padel-klub-elerhetoseg-padel-klub-telefonszam\/","title":{"rendered":"Contact"},"content":{"rendered":"<p>[et_pb_section fb_built=&#8221;1&#8243; next_background_color=&#8221;#ffffff&#8221; _builder_version=&#8221;4.27.5&#8243; _module_preset=&#8221;default&#8221; background_enable_color=&#8221;off&#8221; use_background_color_gradient=&#8221;on&#8221; background_color_gradient_stops=&#8221;#162a6a 0%|#ffffff 19%|#ffffff 100%&#8221; vertical_offset=&#8221;-84px&#8221; bottom_divider_style=&#8221;slant2&#8243; hover_enabled=&#8221;0&#8243; global_colors_info=&#8221;{}&#8221; sticky_enabled=&#8221;0&#8243;][et_pb_row _builder_version=&#8221;4.27.4&#8243; _module_preset=&#8221;default&#8221; global_colors_info=&#8221;{}&#8221;][et_pb_column type=&#8221;4_4&#8243; _builder_version=&#8221;4.27.4&#8243; _module_preset=&#8221;default&#8221; global_colors_info=&#8221;{}&#8221;][et_pb_text _builder_version=&#8221;4.27.5&#8243; _module_preset=&#8221;77bd6224-541c-4dfa-aa0c-4832456a9557&#8243; text_font=&#8221;Playfair Display|700|||||||&#8221; text_text_color=&#8221;#162A6A&#8221; text_font_size=&#8221;30px&#8221; text_line_height=&#8221;1.8em&#8221; header_font=&#8221;Montserrat|900|on|on|||||&#8221; header_text_color=&#8221;#000000&#8243; header_line_height=&#8221;0.7em&#8221; custom_margin=&#8221;90px||||false|false&#8221; custom_margin_tablet=&#8221;|0px|||false|false&#8221; custom_margin_phone=&#8221;&#8221; custom_margin_last_edited=&#8221;on|desktop&#8221; header_font_size_tablet=&#8221;60px&#8221; header_font_size_phone=&#8221;30px&#8221; header_font_size_last_edited=&#8221;on|phone&#8221; locked=&#8221;off&#8221; global_colors_info=&#8221;{}&#8221;]<\/p>\n<p>Ha k\u00e9rd\u00e9sed van vagy rendezv\u00e9ny helysz\u00ednt foglaln\u00e1l,<\/p>\n<p>akkor \u00edrj b\u00e1tran:<\/p>\n<p>[\/et_pb_text][\/et_pb_column][\/et_pb_row][et_pb_row column_structure=&#8221;1_2,1_2&#8243; _builder_version=&#8221;4.27.4&#8243; _module_preset=&#8221;default&#8221; global_colors_info=&#8221;{}&#8221;][et_pb_column type=&#8221;1_2&#8243; _builder_version=&#8221;4.27.4&#8243; _module_preset=&#8221;default&#8221; background_color=&#8221;#FFFFFF&#8221; custom_padding=&#8221;20px|20px|20px|20px|true|true&#8221; global_colors_info=&#8221;{}&#8221;][et_pb_heading title=&#8221;\u00cdrj nek\u00fcnk!&#8221; _builder_version=&#8221;4.27.5&#8243; _module_preset=&#8221;default&#8221; title_font=&#8221;Playfair Display|700|||||||&#8221; title_text_color=&#8221;#162A6A&#8221; custom_margin=&#8221;29px|||||&#8221; global_colors_info=&#8221;{}&#8221;][\/et_pb_heading][et_pb_text _builder_version=&#8221;4.27.5&#8243; _module_preset=&#8221;default&#8221; text_font=&#8221;Poppins|600|||||||&#8221; text_text_color=&#8221;#162A6A&#8221; text_font_size=&#8221;18px&#8221; background_enable_color=&#8221;off&#8221; global_colors_info=&#8221;{}&#8221;]<\/p>\n<p>Email:<br \/><a href=\"mailto:info@padelmaster.hu\">info@padelmaster.hu<\/a><\/p>\n<p>Telefon:<br \/>+36 70 563 0539<\/p>\n<p>C\u00edm:<br \/>4034 Debrecen, Zsibog\u00f3 k\u00f6z 5.<\/p>\n<p>[\/et_pb_text][\/et_pb_column][et_pb_column type=&#8221;1_2&#8243; _builder_version=&#8221;4.27.4&#8243; _module_preset=&#8221;default&#8221; background_color=&#8221;#FFFFFF&#8221; custom_padding=&#8221;20px|20px|20px|20px|true|true&#8221; box_shadow_style=&#8221;preset1&#8243; global_colors_info=&#8221;{}&#8221;][et_pb_contact_form captcha=&#8221;off&#8221; email=&#8221;info@padelmaster.hu&#8221; _builder_version=&#8221;4.27.5&#8243; _module_preset=&#8221;default&#8221; form_field_background_color=&#8221;RGBA(0,0,0,0)&#8221; form_field_text_color=&#8221;#162A6A&#8221; custom_button=&#8221;on&#8221; button_text_size=&#8221;14px&#8221; button_text_color=&#8221;#FFFFFF&#8221; button_bg_color=&#8221;#162A6A&#8221; button_border_width=&#8221;2px&#8221; button_border_color=&#8221;#162A6A&#8221; button_border_radius=&#8221;40px&#8221; button_font=&#8221;Playfair Display|700||on|||||&#8221; button_use_icon=&#8221;off&#8221; button_custom_margin=&#8221;10px||||false|false&#8221; button_custom_padding=&#8221;18px|30px|18px|30px|true|true&#8221; button_custom_padding_tablet=&#8221;16px||16px||true|true&#8221; button_custom_padding_phone=&#8221;14px|20px|14px|20px|true|true&#8221; button_custom_padding_last_edited=&#8221;on|phone&#8221; border_width_all=&#8221;1px&#8221; border_color_all=&#8221;#000000&#8243; locked=&#8221;off&#8221; global_colors_info=&#8221;{%22gcid-5fba0126-308f-4f42-aa94-6c5d80831bca%22:%91%93,%22gcid-659417ab-e651-462e-aeeb-08590c0ad506%22:%91%93,%22gcid-48621ec8-8e0c-486e-af5d-9fa25afa4f71%22:%91%93}&#8221; button_bg_color__hover_enabled=&#8221;on|desktop&#8221; button_bg_enable_color__hover=&#8221;on&#8221; button_text_color__hover_enabled=&#8221;on|hover&#8221; button_text_color__hover=&#8221;#162A6A&#8221; button_border_color__hover_enabled=&#8221;on|desktop&#8221; button_border_color__hover=&#8221;#162A6A&#8221; button_bg_color__hover=&#8221;RGBA(255,255,255,0)&#8221;][et_pb_contact_field field_id=&#8221;Name&#8221; field_title=&#8221;N\u00e9v&#8221; fullwidth_field=&#8221;on&#8221; _builder_version=&#8221;4.27.4&#8243; global_colors_info=&#8221;{}&#8221; button_text_size__hover_enabled=&#8221;off&#8221; button_one_text_size__hover_enabled=&#8221;off&#8221; button_two_text_size__hover_enabled=&#8221;off&#8221; button_text_color__hover_enabled=&#8221;off&#8221; button_one_text_color__hover_enabled=&#8221;off&#8221; button_two_text_color__hover_enabled=&#8221;off&#8221; button_border_width__hover_enabled=&#8221;off&#8221; button_one_border_width__hover_enabled=&#8221;off&#8221; button_two_border_width__hover_enabled=&#8221;off&#8221; button_border_color__hover_enabled=&#8221;off&#8221; button_one_border_color__hover_enabled=&#8221;off&#8221; button_two_border_color__hover_enabled=&#8221;off&#8221; button_border_radius__hover_enabled=&#8221;off&#8221; button_one_border_radius__hover_enabled=&#8221;off&#8221; button_two_border_radius__hover_enabled=&#8221;off&#8221; button_letter_spacing__hover_enabled=&#8221;off&#8221; button_one_letter_spacing__hover_enabled=&#8221;off&#8221; button_two_letter_spacing__hover_enabled=&#8221;off&#8221; button_bg_color__hover_enabled=&#8221;off&#8221; button_one_bg_color__hover_enabled=&#8221;off&#8221; button_two_bg_color__hover_enabled=&#8221;off&#8221;][\/et_pb_contact_field][et_pb_contact_field field_id=&#8221;Email&#8221; field_title=&#8221;Email&#8221; field_type=&#8221;email&#8221; fullwidth_field=&#8221;on&#8221; _builder_version=&#8221;4.27.4&#8243; global_colors_info=&#8221;{}&#8221; button_text_size__hover_enabled=&#8221;off&#8221; button_one_text_size__hover_enabled=&#8221;off&#8221; button_two_text_size__hover_enabled=&#8221;off&#8221; button_text_color__hover_enabled=&#8221;off&#8221; button_one_text_color__hover_enabled=&#8221;off&#8221; button_two_text_color__hover_enabled=&#8221;off&#8221; button_border_width__hover_enabled=&#8221;off&#8221; button_one_border_width__hover_enabled=&#8221;off&#8221; button_two_border_width__hover_enabled=&#8221;off&#8221; button_border_color__hover_enabled=&#8221;off&#8221; button_one_border_color__hover_enabled=&#8221;off&#8221; button_two_border_color__hover_enabled=&#8221;off&#8221; button_border_radius__hover_enabled=&#8221;off&#8221; button_one_border_radius__hover_enabled=&#8221;off&#8221; button_two_border_radius__hover_enabled=&#8221;off&#8221; button_letter_spacing__hover_enabled=&#8221;off&#8221; button_one_letter_spacing__hover_enabled=&#8221;off&#8221; button_two_letter_spacing__hover_enabled=&#8221;off&#8221; button_bg_color__hover_enabled=&#8221;off&#8221; button_one_bg_color__hover_enabled=&#8221;off&#8221; button_two_bg_color__hover_enabled=&#8221;off&#8221;][\/et_pb_contact_field][et_pb_contact_field field_id=&#8221;Message&#8221; field_title=&#8221;\u00dczenet&#8221; field_type=&#8221;text&#8221; fullwidth_field=&#8221;on&#8221; _builder_version=&#8221;4.27.4&#8243; global_colors_info=&#8221;{}&#8221; button_text_size__hover_enabled=&#8221;off&#8221; button_one_text_size__hover_enabled=&#8221;off&#8221; button_two_text_size__hover_enabled=&#8221;off&#8221; button_text_color__hover_enabled=&#8221;off&#8221; button_one_text_color__hover_enabled=&#8221;off&#8221; button_two_text_color__hover_enabled=&#8221;off&#8221; button_border_width__hover_enabled=&#8221;off&#8221; button_one_border_width__hover_enabled=&#8221;off&#8221; button_two_border_width__hover_enabled=&#8221;off&#8221; button_border_color__hover_enabled=&#8221;off&#8221; button_one_border_color__hover_enabled=&#8221;off&#8221; button_two_border_color__hover_enabled=&#8221;off&#8221; button_border_radius__hover_enabled=&#8221;off&#8221; button_one_border_radius__hover_enabled=&#8221;off&#8221; button_two_border_radius__hover_enabled=&#8221;off&#8221; button_letter_spacing__hover_enabled=&#8221;off&#8221; button_one_letter_spacing__hover_enabled=&#8221;off&#8221; button_two_letter_spacing__hover_enabled=&#8221;off&#8221; button_bg_color__hover_enabled=&#8221;off&#8221; button_one_bg_color__hover_enabled=&#8221;off&#8221; button_two_bg_color__hover_enabled=&#8221;off&#8221;][\/et_pb_contact_field][\/et_pb_contact_form][\/et_pb_column][\/et_pb_row][\/et_pb_section][et_pb_section fb_built=&#8221;1&#8243; _builder_version=&#8221;4.27.4&#8243; _module_preset=&#8221;default&#8221; custom_padding=&#8221;4px|||||&#8221; global_colors_info=&#8221;{}&#8221;][et_pb_row _builder_version=&#8221;4.27.4&#8243; _module_preset=&#8221;default&#8221; global_colors_info=&#8221;{}&#8221;][et_pb_column type=&#8221;4_4&#8243; _builder_version=&#8221;4.27.4&#8243; _module_preset=&#8221;default&#8221; global_colors_info=&#8221;{}&#8221;][et_pb_code _builder_version=&#8221;4.27.5&#8243; _module_preset=&#8221;default&#8221; global_colors_info=&#8221;{}&#8221;]<iframe src=\"https:\/\/www.google.com\/maps\/embed?pb=!1m18!1m12!1m3!1d3195.881449308443!2d21.645826376696157!3d47.524525593641116!2m3!1f0!2f0!3f0!3m2!1i1024!2i768!4f13.1!3m3!1m2!1s0x47470f0012ca0575%3A0x2f519248ca014022!2sPadel%20Master%20Debrecen!5e1!3m2!1shu!2shu!4v1766488897376!5m2!1shu!2shu\" width=\"1200\" height=\"450\" style=\"border:0;\" allowfullscreen=\"\" loading=\"lazy\" referrerpolicy=\"no-referrer-when-downgrade\"><\/iframe>[\/et_pb_code][\/et_pb_column][\/et_pb_row][\/et_pb_section]<\/p>\n","protected":false},"excerpt":{"rendered":"<p>Ha k\u00e9rd\u00e9sed van vagy rendezv\u00e9ny helysz\u00ednt foglaln\u00e1l, akkor \u00edrj b\u00e1tran:Email:info@padelmaster.hu Telefon:+36 70 563 0539 C\u00edm:4034 Debrecen, Zsibog\u00f3 k\u00f6z 5.<\/p>","protected":false},"author":4,"featured_media":0,"parent":0,"menu_order":0,"comment_status":"closed","ping_status":"closed","template":"","meta":{"_et_pb_use_builder":"on","_et_pb_old_content":"<!-- wp:divi\/placeholder \/-->","_et_gb_content_width":"","footnotes":""},"class_list":["post-7045","page","type-page","status-publish","hentry"],"yoast_head":"<!-- This site is optimized with the Yoast SEO Premium plugin v27.4 (Yoast SEO v27.4) - https:\/\/yoast.com\/product\/yoast-seo-premium-wordpress\/ -->\n<title>Kapcsolat - Padel Master Debrecen<\/title>\n<meta name=\"description\" content=\"L\u00e9pj kapcsolatba a PadelMaster Debrecennel, \u00edrj nek\u00fcnk emailt, h\u00edvj minket, vagy l\u00e1togass el klubunkba. P\u00e1lyafoglal\u00e1s c\u00e9ges esem\u00e9nyek.\" \/>\n<meta name=\"robots\" content=\"index, follow, max-snippet:-1, max-image-preview:large, max-video-preview:-1\" \/>\n<link rel=\"canonical\" href=\"https:\/\/www.padelmaster.hu\/en\/kapcsolat-padelmaster-debrecen-padel-klub-elerhetoseg-padel-klub-telefonszam\/\" \/>\n<meta property=\"og:locale\" content=\"en_GB\" \/>\n<meta property=\"og:type\" content=\"article\" \/>\n<meta property=\"og:title\" content=\"Kapcsolat\" \/>\n<meta property=\"og:description\" content=\"L\u00e9pj kapcsolatba a PadelMaster Debrecennel, \u00edrj nek\u00fcnk emailt, h\u00edvj minket, vagy l\u00e1togass el klubunkba. P\u00e1lyafoglal\u00e1s c\u00e9ges esem\u00e9nyek.\" \/>\n<meta property=\"og:url\" content=\"https:\/\/www.padelmaster.hu\/en\/kapcsolat-padelmaster-debrecen-padel-klub-elerhetoseg-padel-klub-telefonszam\/\" \/>\n<meta property=\"og:site_name\" content=\"Padel Master Debrecen\" \/>\n<meta property=\"article:modified_time\" content=\"2026-02-03T13:18:08+00:00\" \/>\n<meta name=\"twitter:card\" content=\"summary_large_image\" \/>\n<meta name=\"twitter:label1\" content=\"Estimated reading time\" \/>\n\t<meta name=\"twitter:data1\" content=\"1 minute\" \/>\n<script type=\"application\/ld+json\" class=\"yoast-schema-graph\">{\"@context\":\"https:\\\/\\\/schema.org\",\"@graph\":[{\"@type\":\"WebPage\",\"@id\":\"https:\\\/\\\/www.padelmaster.hu\\\/kapcsolat-padelmaster-debrecen-padel-klub-elerhetoseg-padel-klub-telefonszam\\\/\",\"url\":\"https:\\\/\\\/www.padelmaster.hu\\\/kapcsolat-padelmaster-debrecen-padel-klub-elerhetoseg-padel-klub-telefonszam\\\/\",\"name\":\"Kapcsolat - Padel Master Debrecen\",\"isPartOf\":{\"@id\":\"https:\\\/\\\/www.padelmaster.hu\\\/#website\"},\"datePublished\":\"2025-11-14T14:59:25+00:00\",\"dateModified\":\"2026-02-03T13:18:08+00:00\",\"description\":\"L\u00e9pj kapcsolatba a PadelMaster Debrecennel, \u00edrj nek\u00fcnk emailt, h\u00edvj minket, vagy l\u00e1togass el klubunkba. P\u00e1lyafoglal\u00e1s c\u00e9ges esem\u00e9nyek.\",\"breadcrumb\":{\"@id\":\"https:\\\/\\\/www.padelmaster.hu\\\/kapcsolat-padelmaster-debrecen-padel-klub-elerhetoseg-padel-klub-telefonszam\\\/#breadcrumb\"},\"inLanguage\":\"en-GB\",\"potentialAction\":[{\"@type\":\"ReadAction\",\"target\":[\"https:\\\/\\\/www.padelmaster.hu\\\/kapcsolat-padelmaster-debrecen-padel-klub-elerhetoseg-padel-klub-telefonszam\\\/\"]}]},{\"@type\":\"BreadcrumbList\",\"@id\":\"https:\\\/\\\/www.padelmaster.hu\\\/kapcsolat-padelmaster-debrecen-padel-klub-elerhetoseg-padel-klub-telefonszam\\\/#breadcrumb\",\"itemListElement\":[{\"@type\":\"ListItem\",\"position\":1,\"name\":\"Kezd\u0151lap\",\"item\":\"https:\\\/\\\/www.padelmaster.hu\\\/\"},{\"@type\":\"ListItem\",\"position\":2,\"name\":\"Kapcsolat\"}]},{\"@type\":\"WebSite\",\"@id\":\"https:\\\/\\\/www.padelmaster.hu\\\/#website\",\"url\":\"https:\\\/\\\/www.padelmaster.hu\\\/\",\"name\":\"Padel Master Debrecen\",\"description\":\"Debrecen els\u0151 fedettp\u00e1ly\u00e1s Padel Klubbja\",\"publisher\":{\"@id\":\"https:\\\/\\\/www.padelmaster.hu\\\/#organization\"},\"potentialAction\":[{\"@type\":\"SearchAction\",\"target\":{\"@type\":\"EntryPoint\",\"urlTemplate\":\"https:\\\/\\\/www.padelmaster.hu\\\/?s={search_term_string}\"},\"query-input\":{\"@type\":\"PropertyValueSpecification\",\"valueRequired\":true,\"valueName\":\"search_term_string\"}}],\"inLanguage\":\"en-GB\"},{\"@type\":\"Organization\",\"@id\":\"https:\\\/\\\/www.padelmaster.hu\\\/#organization\",\"name\":\"Padel Master Debrecen\",\"url\":\"https:\\\/\\\/www.padelmaster.hu\\\/\",\"logo\":{\"@type\":\"ImageObject\",\"inLanguage\":\"en-GB\",\"@id\":\"https:\\\/\\\/www.padelmaster.hu\\\/#\\\/schema\\\/logo\\\/image\\\/\",\"url\":\"https:\\\/\\\/www.padelmaster.hu\\\/wp-content\\\/uploads\\\/2025\\\/10\\\/COMING-SOON-1-scaled.png\",\"contentUrl\":\"https:\\\/\\\/www.padelmaster.hu\\\/wp-content\\\/uploads\\\/2025\\\/10\\\/COMING-SOON-1-scaled.png\",\"width\":2048,\"height\":2560,\"caption\":\"Padel Master Debrecen\"},\"image\":{\"@id\":\"https:\\\/\\\/www.padelmaster.hu\\\/#\\\/schema\\\/logo\\\/image\\\/\"}}]}<\/script>\n<!-- \/ Yoast SEO Premium plugin. -->","yoast_head_json":{"title":"Kapcsolat - Padel Master Debrecen","description":"L\u00e9pj kapcsolatba a PadelMaster Debrecennel, \u00edrj nek\u00fcnk emailt, h\u00edvj minket, vagy l\u00e1togass el klubunkba. P\u00e1lyafoglal\u00e1s c\u00e9ges esem\u00e9nyek.","robots":{"index":"index","follow":"follow","max-snippet":"max-snippet:-1","max-image-preview":"max-image-preview:large","max-video-preview":"max-video-preview:-1"},"canonical":"https:\/\/www.padelmaster.hu\/en\/kapcsolat-padelmaster-debrecen-padel-klub-elerhetoseg-padel-klub-telefonszam\/","og_locale":"en_GB","og_type":"article","og_title":"Kapcsolat","og_description":"L\u00e9pj kapcsolatba a PadelMaster Debrecennel, \u00edrj nek\u00fcnk emailt, h\u00edvj minket, vagy l\u00e1togass el klubunkba. P\u00e1lyafoglal\u00e1s c\u00e9ges esem\u00e9nyek.","og_url":"https:\/\/www.padelmaster.hu\/en\/kapcsolat-padelmaster-debrecen-padel-klub-elerhetoseg-padel-klub-telefonszam\/","og_site_name":"Padel Master Debrecen","article_modified_time":"2026-02-03T13:18:08+00:00","twitter_card":"summary_large_image","twitter_misc":{"Estimated reading time":"1 minute"},"schema":{"@context":"https:\/\/schema.org","@graph":[{"@type":"WebPage","@id":"https:\/\/www.padelmaster.hu\/kapcsolat-padelmaster-debrecen-padel-klub-elerhetoseg-padel-klub-telefonszam\/","url":"https:\/\/www.padelmaster.hu\/kapcsolat-padelmaster-debrecen-padel-klub-elerhetoseg-padel-klub-telefonszam\/","name":"Kapcsolat - Padel Master Debrecen","isPartOf":{"@id":"https:\/\/www.padelmaster.hu\/#website"},"datePublished":"2025-11-14T14:59:25+00:00","dateModified":"2026-02-03T13:18:08+00:00","description":"L\u00e9pj kapcsolatba a PadelMaster Debrecennel, \u00edrj nek\u00fcnk emailt, h\u00edvj minket, vagy l\u00e1togass el klubunkba. P\u00e1lyafoglal\u00e1s c\u00e9ges esem\u00e9nyek.","breadcrumb":{"@id":"https:\/\/www.padelmaster.hu\/kapcsolat-padelmaster-debrecen-padel-klub-elerhetoseg-padel-klub-telefonszam\/#breadcrumb"},"inLanguage":"en-GB","potentialAction":[{"@type":"ReadAction","target":["https:\/\/www.padelmaster.hu\/kapcsolat-padelmaster-debrecen-padel-klub-elerhetoseg-padel-klub-telefonszam\/"]}]},{"@type":"BreadcrumbList","@id":"https:\/\/www.padelmaster.hu\/kapcsolat-padelmaster-debrecen-padel-klub-elerhetoseg-padel-klub-telefonszam\/#breadcrumb","itemListElement":[{"@type":"ListItem","position":1,"name":"Kezd\u0151lap","item":"https:\/\/www.padelmaster.hu\/"},{"@type":"ListItem","position":2,"name":"Kapcsolat"}]},{"@type":"WebSite","@id":"https:\/\/www.padelmaster.hu\/#website","url":"https:\/\/www.padelmaster.hu\/","name":"Padel Master Debrecen","description":"Debrecen els\u0151 fedettp\u00e1ly\u00e1s Padel Klubbja","publisher":{"@id":"https:\/\/www.padelmaster.hu\/#organization"},"potentialAction":[{"@type":"SearchAction","target":{"@type":"EntryPoint","urlTemplate":"https:\/\/www.padelmaster.hu\/?s={search_term_string}"},"query-input":{"@type":"PropertyValueSpecification","valueRequired":true,"valueName":"search_term_string"}}],"inLanguage":"en-GB"},{"@type":"Organization","@id":"https:\/\/www.padelmaster.hu\/#organization","name":"Padel Master Debrecen","url":"https:\/\/www.padelmaster.hu\/","logo":{"@type":"ImageObject","inLanguage":"en-GB","@id":"https:\/\/www.padelmaster.hu\/#\/schema\/logo\/image\/","url":"https:\/\/www.padelmaster.hu\/wp-content\/uploads\/2025\/10\/COMING-SOON-1-scaled.png","contentUrl":"https:\/\/www.padelmaster.hu\/wp-content\/uploads\/2025\/10\/COMING-SOON-1-scaled.png","width":2048,"height":2560,"caption":"Padel Master Debrecen"},"image":{"@id":"https:\/\/www.padelmaster.hu\/#\/schema\/logo\/image\/"}}]}},"_links":{"self":[{"href":"https:\/\/www.padelmaster.hu\/en\/wp-json\/wp\/v2\/pages\/7045","targetHints":{"allow":["GET"]}}],"collection":[{"href":"https:\/\/www.padelmaster.hu\/en\/wp-json\/wp\/v2\/pages"}],"about":[{"href":"https:\/\/www.padelmaster.hu\/en\/wp-json\/wp\/v2\/types\/page"}],"author":[{"embeddable":true,"href":"https:\/\/www.padelmaster.hu\/en\/wp-json\/wp\/v2\/users\/4"}],"replies":[{"embeddable":true,"href":"https:\/\/www.padelmaster.hu\/en\/wp-json\/wp\/v2\/comments?post=7045"}],"version-history":[{"count":17,"href":"https:\/\/www.padelmaster.hu\/en\/wp-json\/wp\/v2\/pages\/7045\/revisions"}],"predecessor-version":[{"id":7656,"href":"https:\/\/www.padelmaster.hu\/en\/wp-json\/wp\/v2\/pages\/7045\/revisions\/7656"}],"wp:attachment":[{"href":"https:\/\/www.padelmaster.hu\/en\/wp-json\/wp\/v2\/media?parent=7045"}],"curies":[{"name":"wp","href":"https:\/\/api.w.org\/{rel}","templated":true}]}}