{"id":7043,"date":"2025-11-14T15:58:59","date_gmt":"2025-11-14T14:58:59","guid":{"rendered":"https:\/\/www.padelmaster.hu\/?page_id=7043"},"modified":"2026-02-03T14:17:18","modified_gmt":"2026-02-03T13:17:18","slug":"padel-klub-debrecen-padelmaster-csapat-debreceni-padel-kozpont","status":"publish","type":"page","link":"https:\/\/www.padelmaster.hu\/en\/padel-klub-debrecen-padelmaster-csapat-debreceni-padel-kozpont\/","title":{"rendered":"About us"},"content":{"rendered":"<p>[et_pb_section fb_built=&#8221;1&#8243; custom_padding_last_edited=&#8221;off|desktop&#8221; admin_label=&#8221;Pricing&#8221; _builder_version=&#8221;4.27.5&#8243; _module_preset=&#8221;default&#8221; background_image=&#8221;https:\/\/www.padelmaster.hu\/wp-content\/uploads\/2025\/11\/padel-master-rolunk-borito.webp&#8221; background_position=&#8221;bottom_center&#8221; vertical_offset=&#8221;-84px&#8221; custom_padding=&#8221;6vw||6vw||true|false&#8221; custom_padding_tablet=&#8221;||100px||false|false&#8221; custom_padding_phone=&#8221;||60px||false|false&#8221; hover_enabled=&#8221;0&#8243; locked=&#8221;off&#8221; global_colors_info=&#8221;{}&#8221; sticky_enabled=&#8221;0&#8243;][et_pb_row _builder_version=&#8221;4.27.4&#8243; _module_preset=&#8221;default&#8221; custom_margin=&#8221;100px||||false|false&#8221; locked=&#8221;off&#8221; global_colors_info=&#8221;{}&#8221;][et_pb_column type=&#8221;4_4&#8243; _builder_version=&#8221;4.16&#8243; _module_preset=&#8221;default&#8221; global_colors_info=&#8221;{}&#8221;][\/et_pb_column][\/et_pb_row][\/et_pb_section][et_pb_section fb_built=&#8221;1&#8243; _builder_version=&#8221;4.27.4&#8243; _module_preset=&#8221;default&#8221; custom_padding=&#8221;9px|||||&#8221; locked=&#8221;off&#8221; global_colors_info=&#8221;{}&#8221;][et_pb_row column_structure=&#8221;1_3,2_3&#8243; _builder_version=&#8221;4.27.4&#8243; _module_preset=&#8221;default&#8221; global_colors_info=&#8221;{}&#8221;][et_pb_column type=&#8221;1_3&#8243; _builder_version=&#8221;4.27.4&#8243; _module_preset=&#8221;default&#8221; global_colors_info=&#8221;{}&#8221;][et_pb_image src=&#8221;https:\/\/www.padelmaster.hu\/wp-content\/uploads\/2025\/11\/Portre-kep.png&#8221; title_text=&#8221;Portr\u00e9 k\u00e9p&#8221; _builder_version=&#8221;4.27.4&#8243; _module_preset=&#8221;default&#8221; global_colors_info=&#8221;{}&#8221;][\/et_pb_image][\/et_pb_column][et_pb_column type=&#8221;2_3&#8243; _builder_version=&#8221;4.27.4&#8243; _module_preset=&#8221;default&#8221; global_colors_info=&#8221;{}&#8221;][et_pb_heading title=&#8221;Kik vagyunk?&#8221; _builder_version=&#8221;4.27.5&#8243; _module_preset=&#8221;default&#8221; title_font=&#8221;Playfair Display|700|||||||&#8221; title_text_color=&#8221;#162A6A&#8221; title_font_size=&#8221;50px&#8221; global_colors_info=&#8221;{}&#8221;][\/et_pb_heading][et_pb_text _builder_version=&#8221;4.27.5&#8243; _module_preset=&#8221;default&#8221; text_font=&#8221;Poppins|600|||||||&#8221; text_text_color=&#8221;#162A6A&#8221; text_font_size=&#8221;18px&#8221; text_line_height=&#8221;1.8em&#8221; global_colors_info=&#8221;{}&#8221;]<\/p>\n<p>Mi vagyunk <strong data-start=\"114\" data-end=\"132\">Bogi \u00e9s Zsombi<\/strong>, Debrecen els\u0151 <strong data-start=\"172\" data-end=\"200\">fedett p\u00e1ly\u00e1s padel klub<\/strong> alap\u00edt\u00f3i. K\u00e9t \u00e9ve szerett\u00fcnk bele ebbe a k\u00fcl\u00f6nleges sportba, amely nemcsak nek\u00fcnk adott \u00faj lend\u00fcletet, hanem k\u00f6z\u00f6ss\u00e9get, \u00e9lm\u00e9nyeket \u00e9s rengeteg \u00f6r\u00f6m\u00f6t is.<\/p>\n<p>Most ezt a szenved\u00e9lyt szeretn\u00e9nk tov\u00e1bbadni: c\u00e9lunk, hogy a padelt elhozzuk Debrecenbe, \u00e9s hozz\u00e1j\u00e1ruljunk ahhoz, hogy a v\u00e1ros sport\u00e9lete egy teljesen \u00faj szintre l\u00e9pjen. Klubunkat nemcsak sporthelysz\u00ednnek, hanem igazi <strong data-start=\"574\" data-end=\"594\">k\u00f6z\u00f6ss\u00e9gi t\u00e9rnek<\/strong> \u00e1lmodtuk meg, ahol mindenki otthon \u00e9rezheti mag\u00e1t.<\/p>\n<p>[\/et_pb_text][\/et_pb_column][\/et_pb_row][\/et_pb_section][et_pb_section fb_built=&#8221;1&#8243; _builder_version=&#8221;4.27.4&#8243; _module_preset=&#8221;default&#8221; background_color=&#8221;#162A6A&#8221; global_colors_info=&#8221;{}&#8221;][et_pb_row _builder_version=&#8221;4.27.4&#8243; _module_preset=&#8221;default&#8221; global_colors_info=&#8221;{}&#8221;][et_pb_column type=&#8221;4_4&#8243; _builder_version=&#8221;4.27.4&#8243; _module_preset=&#8221;default&#8221; global_colors_info=&#8221;{}&#8221;][et_pb_heading title=&#8221;A helyr\u0151l:&#8221; _builder_version=&#8221;4.27.4&#8243; _module_preset=&#8221;default&#8221; title_font=&#8221;Playfair Display|700|||||||&#8221; title_text_align=&#8221;center&#8221; title_text_color=&#8221;#FFFFFF&#8221; title_font_size=&#8221;50px&#8221; global_colors_info=&#8221;{}&#8221;][\/et_pb_heading][\/et_pb_column][\/et_pb_row][et_pb_row column_structure=&#8221;1_3,1_3,1_3&#8243; _builder_version=&#8221;4.27.4&#8243; _module_preset=&#8221;default&#8221; global_colors_info=&#8221;{}&#8221;][et_pb_column type=&#8221;1_3&#8243; _builder_version=&#8221;4.27.4&#8243; _module_preset=&#8221;default&#8221; global_colors_info=&#8221;{}&#8221;][et_pb_image src=&#8221;https:\/\/www.padelmaster.hu\/wp-content\/uploads\/2025\/11\/padel-master-szolgaltatasok-1.png&#8221; title_text=&#8221;padel-master-szolgaltatasok-1&#8243; align=&#8221;center&#8221; _builder_version=&#8221;4.27.4&#8243; _module_preset=&#8221;default&#8221; width=&#8221;30%&#8221; width_tablet=&#8221;15%&#8221; width_phone=&#8221;40%&#8221; width_last_edited=&#8221;on|tablet&#8221; global_colors_info=&#8221;{}&#8221;][\/et_pb_image][et_pb_heading title=&#8221;Panor\u00e1ma Padel p\u00e1ly\u00e1k&#8221; _builder_version=&#8221;4.27.4&#8243; _module_preset=&#8221;default&#8221; title_font=&#8221;&#8211;et_global_heading_font|||on|||||&#8221; title_text_align=&#8221;center&#8221; title_text_color=&#8221;#FFFFFF&#8221; global_colors_info=&#8221;{}&#8221;][\/et_pb_heading][\/et_pb_column][et_pb_column type=&#8221;1_3&#8243; _builder_version=&#8221;4.27.4&#8243; _module_preset=&#8221;default&#8221; global_colors_info=&#8221;{}&#8221;][et_pb_icon font_icon=&#8221;&#xf2cc;||fa||900&#8243; icon_color=&#8221;#FFFFFF&#8221; icon_width_tablet=&#8221;70px&#8221; icon_width_phone=&#8221;70px&#8221; icon_width_last_edited=&#8221;on|tablet&#8221; _builder_version=&#8221;4.27.4&#8243; _module_preset=&#8221;default&#8221; global_colors_info=&#8221;{}&#8221;][\/et_pb_icon][et_pb_heading title=&#8221;\u00d6lt\u00f6z\u0151k \u00e9s Zuhanyz\u00f3k&#8221; _builder_version=&#8221;4.27.4&#8243; _module_preset=&#8221;default&#8221; title_font=&#8221;&#8211;et_global_heading_font|||on|||||&#8221; title_text_align=&#8221;center&#8221; title_text_color=&#8221;#FFFFFF&#8221; global_colors_info=&#8221;{}&#8221;][\/et_pb_heading][\/et_pb_column][et_pb_column type=&#8221;1_3&#8243; _builder_version=&#8221;4.27.4&#8243; _module_preset=&#8221;default&#8221; global_colors_info=&#8221;{}&#8221;][et_pb_icon font_icon=&#8221;&#xf433;||fa||900&#8243; icon_color=&#8221;#FFFFFF&#8221; icon_width_tablet=&#8221;70px&#8221; icon_width_phone=&#8221;70px&#8221; icon_width_last_edited=&#8221;on|tablet&#8221; _builder_version=&#8221;4.27.4&#8243; _module_preset=&#8221;default&#8221; global_colors_info=&#8221;{}&#8221;][\/et_pb_icon][et_pb_heading title=&#8221;Ingyenes Felszerel\u00e9s&#8221; _builder_version=&#8221;4.27.4&#8243; _module_preset=&#8221;default&#8221; title_font=&#8221;&#8211;et_global_heading_font|||on|||||&#8221; title_text_align=&#8221;center&#8221; title_text_color=&#8221;#FFFFFF&#8221; locked=&#8221;off&#8221; global_colors_info=&#8221;{}&#8221;][\/et_pb_heading][\/et_pb_column][\/et_pb_row][et_pb_row column_structure=&#8221;1_3,1_3,1_3&#8243; _builder_version=&#8221;4.27.4&#8243; _module_preset=&#8221;default&#8221; global_colors_info=&#8221;{}&#8221;][et_pb_column type=&#8221;1_3&#8243; _builder_version=&#8221;4.27.4&#8243; _module_preset=&#8221;default&#8221; global_colors_info=&#8221;{}&#8221;][et_pb_icon font_icon=&#8221;&#xf0f4;||fa||900&#8243; icon_color=&#8221;#FFFFFF&#8221; icon_width_tablet=&#8221;70px&#8221; icon_width_phone=&#8221;70px&#8221; icon_width_last_edited=&#8221;on|tablet&#8221; _builder_version=&#8221;4.27.4&#8243; _module_preset=&#8221;default&#8221; global_colors_info=&#8221;{}&#8221;][\/et_pb_icon][et_pb_heading title=&#8221;K\u00e1v\u00e9z\u00f3&#8221; _builder_version=&#8221;4.27.4&#8243; _module_preset=&#8221;default&#8221; title_font=&#8221;&#8211;et_global_heading_font|600||on|||||&#8221; title_text_align=&#8221;center&#8221; title_text_color=&#8221;#FFFFFF&#8221; global_colors_info=&#8221;{}&#8221;][\/et_pb_heading][\/et_pb_column][et_pb_column type=&#8221;1_3&#8243; _builder_version=&#8221;4.27.4&#8243; _module_preset=&#8221;default&#8221; global_colors_info=&#8221;{}&#8221;][et_pb_icon font_icon=&#8221;&#xf54e;||fa||900&#8243; icon_color=&#8221;#FFFFFF&#8221; icon_width_tablet=&#8221;70px&#8221; icon_width_phone=&#8221;70px&#8221; icon_width_last_edited=&#8221;on|tablet&#8221; _builder_version=&#8221;4.27.4&#8243; _module_preset=&#8221;default&#8221; global_colors_info=&#8221;{}&#8221;][\/et_pb_icon][et_pb_heading title=&#8221;Bolt&#8221; _builder_version=&#8221;4.27.4&#8243; _module_preset=&#8221;default&#8221; title_font=&#8221;&#8211;et_global_heading_font|||on|||||&#8221; title_text_align=&#8221;center&#8221; title_text_color=&#8221;#FFFFFF&#8221; global_colors_info=&#8221;{}&#8221;][\/et_pb_heading][\/et_pb_column][et_pb_column type=&#8221;1_3&#8243; _builder_version=&#8221;4.27.4&#8243; _module_preset=&#8221;default&#8221; global_colors_info=&#8221;{}&#8221;][et_pb_icon font_icon=&#8221;&#xf540;||fa||900&#8243; icon_color=&#8221;#FFFFFF&#8221; icon_width_tablet=&#8221;70px&#8221; icon_width_phone=&#8221;70px&#8221; icon_width_last_edited=&#8221;on|tablet&#8221; _builder_version=&#8221;4.27.4&#8243; _module_preset=&#8221;default&#8221; global_colors_info=&#8221;{}&#8221;][\/et_pb_icon][et_pb_heading title=&#8221;Ingyenes Parkol\u00f3&#8221; _builder_version=&#8221;4.27.4&#8243; _module_preset=&#8221;default&#8221; title_font=&#8221;&#8211;et_global_heading_font|||on|||||&#8221; title_text_align=&#8221;center&#8221; title_text_color=&#8221;#FFFFFF&#8221; locked=&#8221;off&#8221; global_colors_info=&#8221;{}&#8221;][\/et_pb_heading][\/et_pb_column][\/et_pb_row][\/et_pb_section][et_pb_section fb_built=&#8221;1&#8243; _builder_version=&#8221;4.27.4&#8243; _module_preset=&#8221;default&#8221; global_colors_info=&#8221;{}&#8221;][et_pb_row _builder_version=&#8221;4.27.4&#8243; _module_preset=&#8221;default&#8221; global_colors_info=&#8221;{}&#8221;][et_pb_column type=&#8221;4_4&#8243; _builder_version=&#8221;4.27.4&#8243; _module_preset=&#8221;default&#8221; global_colors_info=&#8221;{}&#8221;][et_pb_heading title=&#8221;Blog&#8221; _builder_version=&#8221;4.27.5&#8243; _module_preset=&#8221;default&#8221; title_font=&#8221;Playfair Display|700|||||||&#8221; title_text_color=&#8221;#162A6A&#8221; title_font_size=&#8221;50px&#8221; global_colors_info=&#8221;{}&#8221;][\/et_pb_heading][\/et_pb_column][\/et_pb_row][et_pb_row _builder_version=&#8221;4.16&#8243; _module_preset=&#8221;default&#8221; locked=&#8221;off&#8221; global_colors_info=&#8221;{}&#8221;][et_pb_column type=&#8221;4_4&#8243; _builder_version=&#8221;4.16&#8243; _module_preset=&#8221;default&#8221; global_colors_info=&#8221;{}&#8221;][et_pb_blog fullwidth=&#8221;off&#8221; posts_number=&#8221;12&#8243; include_categories=&#8221;all&#8221; use_manual_excerpt=&#8221;off&#8221; excerpt_length=&#8221;120&#8243; show_author=&#8221;off&#8221; show_date=&#8221;off&#8221; _builder_version=&#8221;4.27.4&#8243; _module_preset=&#8221;default&#8221; header_font=&#8221;Syncopate|700||on|||||&#8221; header_font_size=&#8221;12px&#8221; header_line_height=&#8221;1.4em&#8221; meta_font=&#8221;Syncopate|700|||||||&#8221; meta_text_color=&#8221;#B5B5B5&#8243; meta_font_size=&#8221;8px&#8221; meta_letter_spacing=&#8221;1px&#8221; pagination_font=&#8221;Syncopate|700||on|||||&#8221; pagination_text_color=&#8221;#000000&#8243; pagination_font_size=&#8221;12px&#8221; pagination_line_height=&#8221;1.8em&#8221; body_font_size_tablet=&#8221;&#8221; body_font_size_phone=&#8221;13px&#8221; body_font_size_last_edited=&#8221;on|phone&#8221; border_width_all=&#8221;0px&#8221; locked=&#8221;off&#8221; global_colors_info=&#8221;{%22gcid-5fba0126-308f-4f42-aa94-6c5d80831bca%22:%91%93,%22gcid-659417ab-e651-462e-aeeb-08590c0ad506%22:%91%93}&#8221;][\/et_pb_blog][\/et_pb_column][\/et_pb_row][\/et_pb_section]<\/p>\n","protected":false},"excerpt":{"rendered":"<p>Mi vagyunk Bogi \u00e9s Zsombi, Debrecen els\u0151 fedett p\u00e1ly\u00e1s padel klub alap\u00edt\u00f3i. K\u00e9t \u00e9ve szerett\u00fcnk bele ebbe a k\u00fcl\u00f6nleges sportba, amely nemcsak nek\u00fcnk adott \u00faj lend\u00fcletet, hanem k\u00f6z\u00f6ss\u00e9get, \u00e9lm\u00e9nyeket \u00e9s rengeteg \u00f6r\u00f6m\u00f6t is. Most ezt a szenved\u00e9lyt szeretn\u00e9nk tov\u00e1bbadni: c\u00e9lunk, hogy a padelt elhozzuk Debrecenbe, \u00e9s hozz\u00e1j\u00e1ruljunk ahhoz, hogy a v\u00e1ros sport\u00e9lete egy teljesen \u00faj [&hellip;]<\/p>\n","protected":false},"author":4,"featured_media":0,"parent":0,"menu_order":0,"comment_status":"closed","ping_status":"closed","template":"","meta":{"_et_pb_use_builder":"on","_et_pb_old_content":"<!-- wp:divi\/placeholder \/-->","_et_gb_content_width":"","footnotes":""},"class_list":["post-7043","page","type-page","status-publish","hentry"],"yoast_head":"<!-- This site is optimized with the Yoast SEO Premium plugin v27.4 (Yoast SEO v27.4) - https:\/\/yoast.com\/product\/yoast-seo-premium-wordpress\/ -->\n<title>R\u00f3lunk - Padel Master Debrecen<\/title>\n<meta name=\"description\" content=\"Ismerd meg a PadelMaster Debrecen k\u00fcldet\u00e9s\u00e9t \u00e9s csapat\u00e1t: modern padel klub, profi edz\u0151k, bar\u00e1ts\u00e1gos k\u00f6z\u00f6ss\u00e9g, szenved\u00e9ly a sport\u00e9rt.\" \/>\n<meta name=\"robots\" content=\"index, follow, max-snippet:-1, max-image-preview:large, max-video-preview:-1\" \/>\n<link rel=\"canonical\" href=\"https:\/\/www.padelmaster.hu\/en\/padel-klub-debrecen-padelmaster-csapat-debreceni-padel-kozpont\/\" \/>\n<meta property=\"og:locale\" content=\"en_GB\" \/>\n<meta property=\"og:type\" content=\"article\" \/>\n<meta property=\"og:title\" content=\"R\u00f3lunk\" \/>\n<meta property=\"og:description\" content=\"Ismerd meg a PadelMaster Debrecen k\u00fcldet\u00e9s\u00e9t \u00e9s csapat\u00e1t: modern padel klub, profi edz\u0151k, bar\u00e1ts\u00e1gos k\u00f6z\u00f6ss\u00e9g, szenved\u00e9ly a sport\u00e9rt.\" \/>\n<meta property=\"og:url\" content=\"https:\/\/www.padelmaster.hu\/en\/padel-klub-debrecen-padelmaster-csapat-debreceni-padel-kozpont\/\" \/>\n<meta property=\"og:site_name\" content=\"Padel Master Debrecen\" \/>\n<meta property=\"article:modified_time\" content=\"2026-02-03T13:17:18+00:00\" \/>\n<meta name=\"twitter:card\" content=\"summary_large_image\" \/>\n<meta name=\"twitter:label1\" content=\"Estimated reading time\" \/>\n\t<meta name=\"twitter:data1\" content=\"2 minutes\" \/>\n<script type=\"application\/ld+json\" class=\"yoast-schema-graph\">{\"@context\":\"https:\\\/\\\/schema.org\",\"@graph\":[{\"@type\":\"WebPage\",\"@id\":\"https:\\\/\\\/www.padelmaster.hu\\\/padel-klub-debrecen-padelmaster-csapat-debreceni-padel-kozpont\\\/\",\"url\":\"https:\\\/\\\/www.padelmaster.hu\\\/padel-klub-debrecen-padelmaster-csapat-debreceni-padel-kozpont\\\/\",\"name\":\"R\u00f3lunk - Padel Master Debrecen\",\"isPartOf\":{\"@id\":\"https:\\\/\\\/www.padelmaster.hu\\\/#website\"},\"datePublished\":\"2025-11-14T14:58:59+00:00\",\"dateModified\":\"2026-02-03T13:17:18+00:00\",\"description\":\"Ismerd meg a PadelMaster Debrecen k\u00fcldet\u00e9s\u00e9t \u00e9s csapat\u00e1t: modern padel klub, profi edz\u0151k, bar\u00e1ts\u00e1gos k\u00f6z\u00f6ss\u00e9g, szenved\u00e9ly a sport\u00e9rt.\",\"breadcrumb\":{\"@id\":\"https:\\\/\\\/www.padelmaster.hu\\\/padel-klub-debrecen-padelmaster-csapat-debreceni-padel-kozpont\\\/#breadcrumb\"},\"inLanguage\":\"en-GB\",\"potentialAction\":[{\"@type\":\"ReadAction\",\"target\":[\"https:\\\/\\\/www.padelmaster.hu\\\/padel-klub-debrecen-padelmaster-csapat-debreceni-padel-kozpont\\\/\"]}]},{\"@type\":\"BreadcrumbList\",\"@id\":\"https:\\\/\\\/www.padelmaster.hu\\\/padel-klub-debrecen-padelmaster-csapat-debreceni-padel-kozpont\\\/#breadcrumb\",\"itemListElement\":[{\"@type\":\"ListItem\",\"position\":1,\"name\":\"Kezd\u0151lap\",\"item\":\"https:\\\/\\\/www.padelmaster.hu\\\/\"},{\"@type\":\"ListItem\",\"position\":2,\"name\":\"R\u00f3lunk\"}]},{\"@type\":\"WebSite\",\"@id\":\"https:\\\/\\\/www.padelmaster.hu\\\/#website\",\"url\":\"https:\\\/\\\/www.padelmaster.hu\\\/\",\"name\":\"Padel Master Debrecen\",\"description\":\"Debrecen els\u0151 fedettp\u00e1ly\u00e1s Padel Klubbja\",\"publisher\":{\"@id\":\"https:\\\/\\\/www.padelmaster.hu\\\/#organization\"},\"potentialAction\":[{\"@type\":\"SearchAction\",\"target\":{\"@type\":\"EntryPoint\",\"urlTemplate\":\"https:\\\/\\\/www.padelmaster.hu\\\/?s={search_term_string}\"},\"query-input\":{\"@type\":\"PropertyValueSpecification\",\"valueRequired\":true,\"valueName\":\"search_term_string\"}}],\"inLanguage\":\"en-GB\"},{\"@type\":\"Organization\",\"@id\":\"https:\\\/\\\/www.padelmaster.hu\\\/#organization\",\"name\":\"Padel Master Debrecen\",\"url\":\"https:\\\/\\\/www.padelmaster.hu\\\/\",\"logo\":{\"@type\":\"ImageObject\",\"inLanguage\":\"en-GB\",\"@id\":\"https:\\\/\\\/www.padelmaster.hu\\\/#\\\/schema\\\/logo\\\/image\\\/\",\"url\":\"https:\\\/\\\/www.padelmaster.hu\\\/wp-content\\\/uploads\\\/2025\\\/10\\\/COMING-SOON-1-scaled.png\",\"contentUrl\":\"https:\\\/\\\/www.padelmaster.hu\\\/wp-content\\\/uploads\\\/2025\\\/10\\\/COMING-SOON-1-scaled.png\",\"width\":2048,\"height\":2560,\"caption\":\"Padel Master Debrecen\"},\"image\":{\"@id\":\"https:\\\/\\\/www.padelmaster.hu\\\/#\\\/schema\\\/logo\\\/image\\\/\"}}]}<\/script>\n<!-- \/ Yoast SEO Premium plugin. -->","yoast_head_json":{"title":"R\u00f3lunk - Padel Master Debrecen","description":"Ismerd meg a PadelMaster Debrecen k\u00fcldet\u00e9s\u00e9t \u00e9s csapat\u00e1t: modern padel klub, profi edz\u0151k, bar\u00e1ts\u00e1gos k\u00f6z\u00f6ss\u00e9g, szenved\u00e9ly a sport\u00e9rt.","robots":{"index":"index","follow":"follow","max-snippet":"max-snippet:-1","max-image-preview":"max-image-preview:large","max-video-preview":"max-video-preview:-1"},"canonical":"https:\/\/www.padelmaster.hu\/en\/padel-klub-debrecen-padelmaster-csapat-debreceni-padel-kozpont\/","og_locale":"en_GB","og_type":"article","og_title":"R\u00f3lunk","og_description":"Ismerd meg a PadelMaster Debrecen k\u00fcldet\u00e9s\u00e9t \u00e9s csapat\u00e1t: modern padel klub, profi edz\u0151k, bar\u00e1ts\u00e1gos k\u00f6z\u00f6ss\u00e9g, szenved\u00e9ly a sport\u00e9rt.","og_url":"https:\/\/www.padelmaster.hu\/en\/padel-klub-debrecen-padelmaster-csapat-debreceni-padel-kozpont\/","og_site_name":"Padel Master Debrecen","article_modified_time":"2026-02-03T13:17:18+00:00","twitter_card":"summary_large_image","twitter_misc":{"Estimated reading time":"2 minutes"},"schema":{"@context":"https:\/\/schema.org","@graph":[{"@type":"WebPage","@id":"https:\/\/www.padelmaster.hu\/padel-klub-debrecen-padelmaster-csapat-debreceni-padel-kozpont\/","url":"https:\/\/www.padelmaster.hu\/padel-klub-debrecen-padelmaster-csapat-debreceni-padel-kozpont\/","name":"R\u00f3lunk - Padel Master Debrecen","isPartOf":{"@id":"https:\/\/www.padelmaster.hu\/#website"},"datePublished":"2025-11-14T14:58:59+00:00","dateModified":"2026-02-03T13:17:18+00:00","description":"Ismerd meg a PadelMaster Debrecen k\u00fcldet\u00e9s\u00e9t \u00e9s csapat\u00e1t: modern padel klub, profi edz\u0151k, bar\u00e1ts\u00e1gos k\u00f6z\u00f6ss\u00e9g, szenved\u00e9ly a sport\u00e9rt.","breadcrumb":{"@id":"https:\/\/www.padelmaster.hu\/padel-klub-debrecen-padelmaster-csapat-debreceni-padel-kozpont\/#breadcrumb"},"inLanguage":"en-GB","potentialAction":[{"@type":"ReadAction","target":["https:\/\/www.padelmaster.hu\/padel-klub-debrecen-padelmaster-csapat-debreceni-padel-kozpont\/"]}]},{"@type":"BreadcrumbList","@id":"https:\/\/www.padelmaster.hu\/padel-klub-debrecen-padelmaster-csapat-debreceni-padel-kozpont\/#breadcrumb","itemListElement":[{"@type":"ListItem","position":1,"name":"Kezd\u0151lap","item":"https:\/\/www.padelmaster.hu\/"},{"@type":"ListItem","position":2,"name":"R\u00f3lunk"}]},{"@type":"WebSite","@id":"https:\/\/www.padelmaster.hu\/#website","url":"https:\/\/www.padelmaster.hu\/","name":"Padel Master Debrecen","description":"Debrecen els\u0151 fedettp\u00e1ly\u00e1s Padel Klubbja","publisher":{"@id":"https:\/\/www.padelmaster.hu\/#organization"},"potentialAction":[{"@type":"SearchAction","target":{"@type":"EntryPoint","urlTemplate":"https:\/\/www.padelmaster.hu\/?s={search_term_string}"},"query-input":{"@type":"PropertyValueSpecification","valueRequired":true,"valueName":"search_term_string"}}],"inLanguage":"en-GB"},{"@type":"Organization","@id":"https:\/\/www.padelmaster.hu\/#organization","name":"Padel Master Debrecen","url":"https:\/\/www.padelmaster.hu\/","logo":{"@type":"ImageObject","inLanguage":"en-GB","@id":"https:\/\/www.padelmaster.hu\/#\/schema\/logo\/image\/","url":"https:\/\/www.padelmaster.hu\/wp-content\/uploads\/2025\/10\/COMING-SOON-1-scaled.png","contentUrl":"https:\/\/www.padelmaster.hu\/wp-content\/uploads\/2025\/10\/COMING-SOON-1-scaled.png","width":2048,"height":2560,"caption":"Padel Master Debrecen"},"image":{"@id":"https:\/\/www.padelmaster.hu\/#\/schema\/logo\/image\/"}}]}},"_links":{"self":[{"href":"https:\/\/www.padelmaster.hu\/en\/wp-json\/wp\/v2\/pages\/7043","targetHints":{"allow":["GET"]}}],"collection":[{"href":"https:\/\/www.padelmaster.hu\/en\/wp-json\/wp\/v2\/pages"}],"about":[{"href":"https:\/\/www.padelmaster.hu\/en\/wp-json\/wp\/v2\/types\/page"}],"author":[{"embeddable":true,"href":"https:\/\/www.padelmaster.hu\/en\/wp-json\/wp\/v2\/users\/4"}],"replies":[{"embeddable":true,"href":"https:\/\/www.padelmaster.hu\/en\/wp-json\/wp\/v2\/comments?post=7043"}],"version-history":[{"count":10,"href":"https:\/\/www.padelmaster.hu\/en\/wp-json\/wp\/v2\/pages\/7043\/revisions"}],"predecessor-version":[{"id":7655,"href":"https:\/\/www.padelmaster.hu\/en\/wp-json\/wp\/v2\/pages\/7043\/revisions\/7655"}],"wp:attachment":[{"href":"https:\/\/www.padelmaster.hu\/en\/wp-json\/wp\/v2\/media?parent=7043"}],"curies":[{"name":"wp","href":"https:\/\/api.w.org\/{rel}","templated":true}]}}